{"id":97,"date":"2019-05-10T23:29:51","date_gmt":"2019-05-10T21:29:51","guid":{"rendered":"http:\/\/amap-en-joue.site\/?page_id=97"},"modified":"2021-09-08T13:58:36","modified_gmt":"2021-09-08T11:58:36","slug":"teste","status":"publish","type":"page","link":"https:\/\/amap-en-joue.site\/?page_id=97","title":{"rendered":"Les Producteurs et leurs Paniers"},"content":{"rendered":"\n<div class=\"wp-block-media-text alignwide is-stacked-on-mobile\" style=\"grid-template-columns:27% auto\"><figure class=\"wp-block-media-text__media\"><img loading=\"lazy\" width=\"1024\" height=\"1024\" src=\"http:\/\/amap-en-joue.site\/wp-content\/uploads\/2019\/05\/f1-1024x1024.png\" alt=\"\" class=\"wp-image-207 size-full\" srcset=\"https:\/\/amap-en-joue.site\/wp-content\/uploads\/2019\/05\/f1-1024x1024.png 1024w, https:\/\/amap-en-joue.site\/wp-content\/uploads\/2019\/05\/f1-150x150.png 150w, https:\/\/amap-en-joue.site\/wp-content\/uploads\/2019\/05\/f1-300x300.png 300w, https:\/\/amap-en-joue.site\/wp-content\/uploads\/2019\/05\/f1-768x768.png 768w\" sizes=\"(max-width: 1024px) 100vw, 1024px\" \/><\/figure><div class=\"wp-block-media-text__content\">\n<p>Des l\u00e9gumes de saison de chez Arnaud Ducrocq, de Sainte Maure de Touraine. L\u00e9gumes plein champ, mara\u00eechage sous abris.&nbsp;<\/p>\n\n\n\n<p class=\"has-accent-color has-text-color\"><strong>Certifi\u00e9 AB<\/strong><\/p>\n<\/div><\/div>\n\n\n\n<div class=\"wp-block-media-text alignwide is-stacked-on-mobile\" style=\"grid-template-columns:27% auto\"><figure class=\"wp-block-media-text__media\"><img loading=\"lazy\" width=\"1024\" height=\"932\" src=\"http:\/\/amap-en-joue.site\/wp-content\/uploads\/2020\/03\/f2-1024x932.png\" alt=\"\" class=\"wp-image-325 size-full\"\/><\/figure><div class=\"wp-block-media-text__content\">\n<p class=\"has-text-align-left\">Des pommes, des poires et des jus de fruits de La Chapelle aux Naux. Il propose aussi des fraises (excellentes)<\/p>\n\n\n\n<p class=\"has-text-align-left has-accent-color has-text-color\"><strong>Certifi\u00e9 AB<\/strong><\/p>\n<\/div><\/div>\n\n\n\n<div class=\"wp-block-media-text alignwide is-stacked-on-mobile\" style=\"grid-template-columns:27% auto\"><figure class=\"wp-block-media-text__media\"><img loading=\"lazy\" width=\"1024\" height=\"1024\" src=\"http:\/\/amap-en-joue.site\/wp-content\/uploads\/2019\/05\/f3-1024x1024.png\" alt=\"\" class=\"wp-image-209 size-full\" srcset=\"https:\/\/amap-en-joue.site\/wp-content\/uploads\/2019\/05\/f3-1024x1024.png 1024w, https:\/\/amap-en-joue.site\/wp-content\/uploads\/2019\/05\/f3-150x150.png 150w, https:\/\/amap-en-joue.site\/wp-content\/uploads\/2019\/05\/f3-300x300.png 300w, https:\/\/amap-en-joue.site\/wp-content\/uploads\/2019\/05\/f3-768x768.png 768w\" sizes=\"(max-width: 1024px) 100vw, 1024px\" \/><\/figure><div class=\"wp-block-media-text__content\">\n<p>Du cola, des sodas et des bi\u00e8res de la Lo\u00e8re \u00e0 Tours.<\/p>\n\n\n\n<p class=\"has-accent-color has-text-color\"><strong>Certifi\u00e9 AB<\/strong><\/p>\n<\/div><\/div>\n\n\n\n<div class=\"wp-block-media-text alignwide is-stacked-on-mobile\" style=\"grid-template-columns:27% auto\"><figure class=\"wp-block-media-text__media\"><img loading=\"lazy\" width=\"1024\" height=\"1024\" src=\"http:\/\/amap-en-joue.site\/wp-content\/uploads\/2019\/05\/f4-1024x1024.png\" alt=\"\" class=\"wp-image-210 size-full\" srcset=\"https:\/\/amap-en-joue.site\/wp-content\/uploads\/2019\/05\/f4-1024x1024.png 1024w, https:\/\/amap-en-joue.site\/wp-content\/uploads\/2019\/05\/f4-150x150.png 150w, https:\/\/amap-en-joue.site\/wp-content\/uploads\/2019\/05\/f4-300x300.png 300w, https:\/\/amap-en-joue.site\/wp-content\/uploads\/2019\/05\/f4-768x768.png 768w\" sizes=\"(max-width: 1024px) 100vw, 1024px\" \/><\/figure><div class=\"wp-block-media-text__content\">\n<p class=\"has-text-align-left\">Du miel et de la bi\u00e8re des abeilles de Papae \u00e0 L\u00e9mer\u00e9.<\/p>\n\n\n\n<p class=\"has-text-align-left has-accent-color has-text-color\"><strong>Certifi\u00e9 AB<\/strong><\/p>\n<\/div><\/div>\n\n\n\n<div class=\"wp-block-media-text alignwide is-stacked-on-mobile\" style=\"grid-template-columns:27% auto\"><figure class=\"wp-block-media-text__media\"><img loading=\"lazy\" width=\"1024\" height=\"1024\" src=\"http:\/\/amap-en-joue.site\/wp-content\/uploads\/2019\/05\/f5-1024x1024.png\" alt=\"\" class=\"wp-image-211 size-full\" srcset=\"https:\/\/amap-en-joue.site\/wp-content\/uploads\/2019\/05\/f5-1024x1024.png 1024w, https:\/\/amap-en-joue.site\/wp-content\/uploads\/2019\/05\/f5-150x150.png 150w, https:\/\/amap-en-joue.site\/wp-content\/uploads\/2019\/05\/f5-300x300.png 300w, https:\/\/amap-en-joue.site\/wp-content\/uploads\/2019\/05\/f5-768x768.png 768w\" sizes=\"(max-width: 1024px) 100vw, 1024px\" \/><\/figure><div class=\"wp-block-media-text__content\">\n<p>Des produits laitiers de vache (lait cru, cr\u00e8me fra\u00eeche, fromages, yaourts, fromage blanc, des yaourts, fromages) \u00e0 la Revellerie, \u00e0 Charentilly.<\/p>\n\n\n\n<p class=\"has-accent-color has-text-color\"><strong>Certifi\u00e9 AB<\/strong><\/p>\n<\/div><\/div>\n\n\n\n<div class=\"wp-block-media-text alignwide is-stacked-on-mobile\" style=\"grid-template-columns:27% auto\"><figure class=\"wp-block-media-text__media\"><img loading=\"lazy\" width=\"1024\" height=\"1024\" src=\"http:\/\/amap-en-joue.site\/wp-content\/uploads\/2019\/05\/f6-1024x1024.png\" alt=\"\" class=\"wp-image-212 size-full\" srcset=\"https:\/\/amap-en-joue.site\/wp-content\/uploads\/2019\/05\/f6-1024x1024.png 1024w, https:\/\/amap-en-joue.site\/wp-content\/uploads\/2019\/05\/f6-150x150.png 150w, https:\/\/amap-en-joue.site\/wp-content\/uploads\/2019\/05\/f6-300x300.png 300w, https:\/\/amap-en-joue.site\/wp-content\/uploads\/2019\/05\/f6-768x768.png 768w\" sizes=\"(max-width: 1024px) 100vw, 1024px\" \/><\/figure><div class=\"wp-block-media-text__content\">\n<p class=\"has-text-align-left\">Des produits laitiers et fromages de ch\u00e8vres de la ferme des Croq\u2019\u00e9pines produits \u00e0 Nouans-les-Fontaines.<\/p>\n\n\n\n<p class=\"has-text-align-left has-accent-color has-text-color\"><strong>Certifi\u00e9 AB<\/strong><\/p>\n<\/div><\/div>\n\n\n\n<div class=\"wp-block-media-text alignwide is-stacked-on-mobile\" style=\"grid-template-columns:27% auto\"><figure class=\"wp-block-media-text__media\"><img loading=\"lazy\" width=\"1024\" height=\"1024\" src=\"http:\/\/amap-en-joue.site\/wp-content\/uploads\/2019\/05\/f7-1024x1024.png\" alt=\"\" class=\"wp-image-213 size-full\" srcset=\"https:\/\/amap-en-joue.site\/wp-content\/uploads\/2019\/05\/f7-1024x1024.png 1024w, https:\/\/amap-en-joue.site\/wp-content\/uploads\/2019\/05\/f7-150x150.png 150w, https:\/\/amap-en-joue.site\/wp-content\/uploads\/2019\/05\/f7-300x300.png 300w, https:\/\/amap-en-joue.site\/wp-content\/uploads\/2019\/05\/f7-768x768.png 768w\" sizes=\"(max-width: 1024px) 100vw, 1024px\" \/><\/figure><div class=\"wp-block-media-text__content\">\n<p>Fromages pur brebis (Fromages, Yaourts, Faisselle, Tomme) bas\u00e9 sur la commune de Chaveignes.<\/p>\n\n\n\n<p class=\"has-accent-color has-text-color\"><strong>Certifi\u00e9 AB<\/strong><\/p>\n<\/div><\/div>\n\n\n\n<div class=\"wp-block-media-text alignwide is-stacked-on-mobile\" style=\"grid-template-columns:27% auto\"><figure class=\"wp-block-media-text__media\"><img loading=\"lazy\" width=\"1024\" height=\"1024\" src=\"http:\/\/amap-en-joue.site\/wp-content\/uploads\/2019\/05\/f8-1024x1024.png\" alt=\"\" class=\"wp-image-214 size-full\" srcset=\"https:\/\/amap-en-joue.site\/wp-content\/uploads\/2019\/05\/f8-1024x1024.png 1024w, https:\/\/amap-en-joue.site\/wp-content\/uploads\/2019\/05\/f8-150x150.png 150w, https:\/\/amap-en-joue.site\/wp-content\/uploads\/2019\/05\/f8-300x300.png 300w, https:\/\/amap-en-joue.site\/wp-content\/uploads\/2019\/05\/f8-768x768.png 768w\" sizes=\"(max-width: 1024px) 100vw, 1024px\" \/><\/figure><div class=\"wp-block-media-text__content\">\n<p class=\"has-text-align-left\">Des oeufs, poulets et des pintades de l\u2019Herbe Tendre \u00e0 Truyes.<\/p>\n\n\n\n<p class=\"has-text-align-left has-accent-color has-text-color\"><strong>Certifi\u00e9 AB<\/strong><\/p>\n<\/div><\/div>\n\n\n\n<div class=\"wp-block-media-text alignwide is-stacked-on-mobile\" style=\"grid-template-columns:27% auto\"><figure class=\"wp-block-media-text__media\"><img loading=\"lazy\" width=\"1024\" height=\"1024\" src=\"http:\/\/amap-en-joue.site\/wp-content\/uploads\/2019\/05\/f9-1024x1024.png\" alt=\"\" class=\"wp-image-215 size-full\" srcset=\"https:\/\/amap-en-joue.site\/wp-content\/uploads\/2019\/05\/f9-1024x1024.png 1024w, https:\/\/amap-en-joue.site\/wp-content\/uploads\/2019\/05\/f9-150x150.png 150w, https:\/\/amap-en-joue.site\/wp-content\/uploads\/2019\/05\/f9-300x300.png 300w, https:\/\/amap-en-joue.site\/wp-content\/uploads\/2019\/05\/f9-768x768.png 768w\" sizes=\"(max-width: 1024px) 100vw, 1024px\" \/><\/figure><div class=\"wp-block-media-text__content\">\n<p>Viande de veau et b\u0153uf.<\/p>\n\n\n\n<p class=\"has-accent-color has-text-color\"><strong>Certifi\u00e9 AB<\/strong><\/p>\n<\/div><\/div>\n\n\n\n<div class=\"wp-block-media-text alignwide is-stacked-on-mobile\" style=\"grid-template-columns:27% auto\"><figure class=\"wp-block-media-text__media\"><img loading=\"lazy\" width=\"1024\" height=\"1024\" src=\"http:\/\/amap-en-joue.site\/wp-content\/uploads\/2019\/05\/f10-1024x1024.png\" alt=\"\" class=\"wp-image-216 size-full\" srcset=\"https:\/\/amap-en-joue.site\/wp-content\/uploads\/2019\/05\/f10-1024x1024.png 1024w, https:\/\/amap-en-joue.site\/wp-content\/uploads\/2019\/05\/f10-150x150.png 150w, https:\/\/amap-en-joue.site\/wp-content\/uploads\/2019\/05\/f10-300x300.png 300w, https:\/\/amap-en-joue.site\/wp-content\/uploads\/2019\/05\/f10-768x768.png 768w\" sizes=\"(max-width: 1024px) 100vw, 1024px\" \/><\/figure><div class=\"wp-block-media-text__content\">\n<p class=\"has-text-align-left\">Viande de porc.<\/p>\n\n\n\n<p class=\"has-text-align-left has-accent-color has-text-color\"><strong>Certifi\u00e9 AB<\/strong><\/p>\n<\/div><\/div>\n\n\n\n<div class=\"wp-block-media-text alignwide is-stacked-on-mobile\" style=\"grid-template-columns:27% auto\"><figure class=\"wp-block-media-text__media\"><img loading=\"lazy\" width=\"1024\" height=\"1024\" src=\"http:\/\/amap-en-joue.site\/wp-content\/uploads\/2019\/05\/f11-1024x1024.png\" alt=\"\" class=\"wp-image-217 size-full\" srcset=\"https:\/\/amap-en-joue.site\/wp-content\/uploads\/2019\/05\/f11-1024x1024.png 1024w, https:\/\/amap-en-joue.site\/wp-content\/uploads\/2019\/05\/f11-150x150.png 150w, https:\/\/amap-en-joue.site\/wp-content\/uploads\/2019\/05\/f11-300x300.png 300w, https:\/\/amap-en-joue.site\/wp-content\/uploads\/2019\/05\/f11-768x768.png 768w\" sizes=\"(max-width: 1024px) 100vw, 1024px\" \/><\/figure><div class=\"wp-block-media-text__content\">\n<p>Des huiles, lentilles, farines, polenta de ma\u00efs, p\u00e2tes &#8230; \u00e0 Crouzilles.<\/p>\n\n\n\n<p class=\"has-accent-color has-text-color\"><strong>Certifi\u00e9 AB<\/strong><\/p>\n<\/div><\/div>\n\n\n\n<div class=\"wp-block-media-text alignwide is-stacked-on-mobile\" style=\"grid-template-columns:27% auto\"><figure class=\"wp-block-media-text__media\"><img loading=\"lazy\" width=\"1024\" height=\"1024\" src=\"http:\/\/amap-en-joue.site\/wp-content\/uploads\/2019\/05\/f12-1024x1024.png\" alt=\"\" class=\"wp-image-218 size-full\" srcset=\"https:\/\/amap-en-joue.site\/wp-content\/uploads\/2019\/05\/f12-1024x1024.png 1024w, https:\/\/amap-en-joue.site\/wp-content\/uploads\/2019\/05\/f12-150x150.png 150w, https:\/\/amap-en-joue.site\/wp-content\/uploads\/2019\/05\/f12-300x300.png 300w, https:\/\/amap-en-joue.site\/wp-content\/uploads\/2019\/05\/f12-768x768.png 768w\" sizes=\"(max-width: 1024px) 100vw, 1024px\" \/><\/figure><div class=\"wp-block-media-text__content\">\n<p class=\"has-text-align-left\">ARARAUNA CACAO propose du chocolat noir 75% Ararauna d\u2019\u00e9quateur. Bon l\u00e0, d\u2019accord, ce n\u2019est pas local, mais la gourmandise l\u2019emporte. Il est fabriqu\u00e9 dans une exploitation qui fonctionne en agriculture paysanne, de taille humaine, dans le respect de l\u2019homme et de la nature.<\/p>\n\n\n\n<p class=\"has-text-align-left has-accent-color has-text-color\"><strong>Certifi\u00e9 AB<\/strong><\/p>\n<\/div><\/div>\n\n\n\n<div class=\"wp-block-media-text alignwide is-stacked-on-mobile\" style=\"grid-template-columns:27% auto\"><figure class=\"wp-block-media-text__media\"><img loading=\"lazy\" width=\"1024\" height=\"1024\" src=\"http:\/\/amap-en-joue.site\/wp-content\/uploads\/2019\/05\/f13-1024x1024.png\" alt=\"\" class=\"wp-image-219 size-full\" srcset=\"https:\/\/amap-en-joue.site\/wp-content\/uploads\/2019\/05\/f13-1024x1024.png 1024w, https:\/\/amap-en-joue.site\/wp-content\/uploads\/2019\/05\/f13-150x150.png 150w, https:\/\/amap-en-joue.site\/wp-content\/uploads\/2019\/05\/f13-300x300.png 300w, https:\/\/amap-en-joue.site\/wp-content\/uploads\/2019\/05\/f13-768x768.png 768w\" sizes=\"(max-width: 1024px) 100vw, 1024px\" \/><\/figure><div class=\"wp-block-media-text__content\">\n<p>Savonnerie Artisanale de Mettray.<\/p>\n\n\n\n<p>Les savons d&rsquo;Am\u00e9lie sont enti\u00e8rement naturels, \u00e0 base d&rsquo;ingr\u00e9dients bio,<br>tr\u00e8s souvent locaux, formul\u00e9s sans aucun produit p\u00e9trochimique de synth\u00e8se<br>(sans perturbateur endocrinien, sans conservateur, sans paraben&#8230;), avec<br>une r\u00e9elle volont\u00e9 de transparence sur les ingr\u00e9dients utilis\u00e9s et leur<br>provenance.<\/p>\n\n\n\n<p>Dans un monde o\u00f9 les questions sur nos modes de consommation foisonnent,<br>les savons d&rsquo;Am\u00e9lie tentent d&rsquo;apporter des r\u00e9ponses simples, en vous<br>proposant un produit doux pour votre peau (savon ultra doux gr\u00e2ce \u00e0 la glyc\u00e9rine v\u00e9g\u00e9tale et au surgras), doux pour l&rsquo;environnement (enti\u00e8rement biod\u00e9gradable, emballage r\u00e9duit, ingr\u00e9dients bio), tout en favorisant au maximum les producteurs locaux et l&rsquo;agriculture durable.<br><a rel=\"noreferrer noopener\" target=\"_blank\" href=\"https:\/\/www.savons-amelie.com\/doux-pour-la-peau-et-la-planete\">https:\/\/www.savons-amelie.com\/doux-pour-la-peau-et-la-planete<\/a> <\/p>\n\n\n\n<p>Le d\u00e9tail de tous les savons dispos \u00e0 l&rsquo;amap en Jou\u00e9 sur :<br><a rel=\"noreferrer noopener\" target=\"_blank\" href=\"https:\/\/www.savons-amelie.com\/\">https:\/\/www.savons-amelie.com\/<\/a><\/p>\n\n\n\n<p class=\"has-accent-color has-text-color\"><strong>Certifi\u00e9 AB<\/strong><\/p>\n<\/div><\/div>\n\n\n\n<div class=\"wp-block-media-text alignwide is-stacked-on-mobile\" style=\"grid-template-columns:27% auto\"><figure class=\"wp-block-media-text__media\"><img loading=\"lazy\" width=\"1024\" height=\"1024\" src=\"http:\/\/amap-en-joue.site\/wp-content\/uploads\/2019\/05\/f14-1024x1024.png\" alt=\"\" class=\"wp-image-220 size-full\" srcset=\"https:\/\/amap-en-joue.site\/wp-content\/uploads\/2019\/05\/f14-1024x1024.png 1024w, https:\/\/amap-en-joue.site\/wp-content\/uploads\/2019\/05\/f14-150x150.png 150w, https:\/\/amap-en-joue.site\/wp-content\/uploads\/2019\/05\/f14-300x300.png 300w, https:\/\/amap-en-joue.site\/wp-content\/uploads\/2019\/05\/f14-768x768.png 768w\" sizes=\"(max-width: 1024px) 100vw, 1024px\" \/><\/figure><div class=\"wp-block-media-text__content\">\n<p class=\"has-text-align-left\">Du Miso\/Koji et du Tamari de Touraine \u00ab SANGA \u00bb.<\/p>\n\n\n\n<p class=\"has-text-align-left has-accent-color has-text-color\"><strong>Certifi\u00e9 AB<\/strong><\/p>\n<\/div><\/div>\n\n\n\n<p><\/p>\n","protected":false},"excerpt":{"rendered":"<p>Des l\u00e9gumes de saison de chez Arnaud Ducrocq, de Sainte Maure de Touraine. L\u00e9gumes plein champ, mara\u00eechage sous abris.&nbsp; Certifi\u00e9 AB Des pommes, des poires et des jus de fruits de La Chapelle aux Naux. Il propose aussi des fraises (excellentes) Certifi\u00e9 AB Du cola, des sodas et des bi\u00e8res de la Lo\u00e8re \u00e0 Tours.&hellip;<\/p>\n","protected":false},"author":1,"featured_media":0,"parent":0,"menu_order":0,"comment_status":"closed","ping_status":"closed","template":"","meta":[],"_links":{"self":[{"href":"https:\/\/amap-en-joue.site\/index.php?rest_route=\/wp\/v2\/pages\/97"}],"collection":[{"href":"https:\/\/amap-en-joue.site\/index.php?rest_route=\/wp\/v2\/pages"}],"about":[{"href":"https:\/\/amap-en-joue.site\/index.php?rest_route=\/wp\/v2\/types\/page"}],"author":[{"embeddable":true,"href":"https:\/\/amap-en-joue.site\/index.php?rest_route=\/wp\/v2\/users\/1"}],"replies":[{"embeddable":true,"href":"https:\/\/amap-en-joue.site\/index.php?rest_route=%2Fwp%2Fv2%2Fcomments&post=97"}],"version-history":[{"count":28,"href":"https:\/\/amap-en-joue.site\/index.php?rest_route=\/wp\/v2\/pages\/97\/revisions"}],"predecessor-version":[{"id":346,"href":"https:\/\/amap-en-joue.site\/index.php?rest_route=\/wp\/v2\/pages\/97\/revisions\/346"}],"wp:attachment":[{"href":"https:\/\/amap-en-joue.site\/index.php?rest_route=%2Fwp%2Fv2%2Fmedia&parent=97"}],"curies":[{"name":"wp","href":"https:\/\/api.w.org\/{rel}","templated":true}]}}